{"id":568,"date":"2016-09-02T11:56:34","date_gmt":"2016-09-02T15:56:34","guid":{"rendered":"http:\/\/jacobsian.com\/?page_id=568"},"modified":"2024-03-28T10:53:12","modified_gmt":"2024-03-28T14:53:12","slug":"contact-2","status":"publish","type":"page","link":"http:\/\/bricolageurbain.ca\/?page_id=568&lang=fr","title":{"rendered":"Contact"},"content":{"rendered":"<h2 style=\"text-align: center;\">Courriel : raphaelle.aubin@gmail.com<\/h2>\n<h2 style=\"text-align: center;\"><\/h2>\n<h3 style=\"text-align: center;\"><strong><a href=\"http:\/\/jacobsian.com\/wp-content\/uploads\/2016\/09\/cityscape-pink.png\"><img loading=\"lazy\" decoding=\"async\" class=\"wp-image-672 size-large aligncenter\" src=\"http:\/\/jacobsian.com\/wp-content\/uploads\/2016\/09\/cityscape-pink-1024x416.png\" alt=\"cityscape pink\" width=\"1024\" height=\"416\" srcset=\"http:\/\/bricolageurbain.ca\/wp-content\/uploads\/2016\/09\/cityscape-pink-1024x416.png 1024w, http:\/\/bricolageurbain.ca\/wp-content\/uploads\/2016\/09\/cityscape-pink-300x122.png 300w, http:\/\/bricolageurbain.ca\/wp-content\/uploads\/2016\/09\/cityscape-pink-768x312.png 768w\" sizes=\"auto, (max-width: 1024px) 100vw, 1024px\" \/><\/a><\/strong>Nos locaux sont situ\u00e9s \u00e0 Montr\u00e9al mais nous sommes heureux de collaborer avec des villes et partenaires de l\u2019ext\u00e9rieur.<\/h3>\n<h3 style=\"text-align: center;\">Communiquez avec nous pour en savoir plus sur nos services ou si vous avez un projet que vous aimeriez rendre divertissant, accessible et int\u00e9ressant.<\/h3>\n<h3 style=\"text-align: center;\">Nous sommes bilingues. Nous travaillons en fran\u00e7ais comme en anglais.<\/h3>\n","protected":false},"excerpt":{"rendered":"<p>Courriel : raphaelle.aubin@gmail.com Nos locaux sont situ\u00e9s \u00e0 Montr\u00e9al mais nous sommes heureux de collaborer avec des villes et partenaires [&hellip;]<\/p>\n","protected":false},"author":2,"featured_media":0,"parent":0,"menu_order":5,"comment_status":"closed","ping_status":"closed","template":"template-full-custom.php","meta":{"om_disable_all_campaigns":false,"_monsterinsights_skip_tracking":false,"_monsterinsights_sitenote_active":false,"_monsterinsights_sitenote_note":"","_monsterinsights_sitenote_category":0,"footnotes":""},"class_list":["post-568","page","type-page","status-publish","hentry"],"aioseo_notices":[],"_links":{"self":[{"href":"http:\/\/bricolageurbain.ca\/index.php?rest_route=\/wp\/v2\/pages\/568","targetHints":{"allow":["GET"]}}],"collection":[{"href":"http:\/\/bricolageurbain.ca\/index.php?rest_route=\/wp\/v2\/pages"}],"about":[{"href":"http:\/\/bricolageurbain.ca\/index.php?rest_route=\/wp\/v2\/types\/page"}],"author":[{"embeddable":true,"href":"http:\/\/bricolageurbain.ca\/index.php?rest_route=\/wp\/v2\/users\/2"}],"replies":[{"embeddable":true,"href":"http:\/\/bricolageurbain.ca\/index.php?rest_route=%2Fwp%2Fv2%2Fcomments&post=568"}],"version-history":[{"count":33,"href":"http:\/\/bricolageurbain.ca\/index.php?rest_route=\/wp\/v2\/pages\/568\/revisions"}],"predecessor-version":[{"id":1054,"href":"http:\/\/bricolageurbain.ca\/index.php?rest_route=\/wp\/v2\/pages\/568\/revisions\/1054"}],"wp:attachment":[{"href":"http:\/\/bricolageurbain.ca\/index.php?rest_route=%2Fwp%2Fv2%2Fmedia&parent=568"}],"curies":[{"name":"wp","href":"https:\/\/api.w.org\/{rel}","templated":true}]}}