{"id":653,"date":"2016-09-06T12:44:23","date_gmt":"2016-09-06T16:44:23","guid":{"rendered":"http:\/\/jacobsian.com\/?page_id=653"},"modified":"2023-11-04T12:46:37","modified_gmt":"2023-11-04T16:46:37","slug":"653-2","status":"publish","type":"page","link":"http:\/\/bricolageurbain.ca\/?page_id=653&lang=fr","title":{"rendered":"Services FR"},"content":{"rendered":"<h2 style=\"text-align: left;\"><span style=\"color: #000000;\"><span style=\"font-weight: 400;\">L\u2019urbanisme, c\u2019est compliqu\u00e9, et souvent mal expliqu\u00e9.\u00a0Pour faire de nos villes des endroits o\u00f9 il fait bon vivre, il faut d\u2019abord comprendre leur fonctionnement et comment on peut les changer.<\/span><\/span><\/h2>\n<h2 style=\"text-align: left;\"><span style=\"font-weight: 400; color: #000000;\">Bricolage urbain cr\u00e9e des outils \u00e9ducatifs qui rendent la r\u00e9flexion et la participation \u00e0 la transformation de nos villes divertissant et pertinent.<\/span><\/h2>\n<div class=\"cols-wrapper cols-3\">\n<div class=\"col\">\n<h4><\/h4>\n<h4><img loading=\"lazy\" decoding=\"async\" class=\"aligncenter wp-image-954 size-full\" src=\"http:\/\/bricolageurbain.ca\/wp-content\/uploads\/2016\/09\/guides-no-circle-1.png\" alt=\"guides-no circle\" width=\"167\" height=\"97\" \/><\/h4>\n<h3 style=\"text-align: center;\"><strong>Guides d\u2019apprentissage et activit\u00e9s<\/strong><\/h3>\n<h5 style=\"text-align: center;\">Nous d\u00e9veloppons des guides illustr\u00e9s et des activit\u00e9s hors du commun pour expliquer les enjeux urbains complexes et les processus bureaucratiques.<\/h5>\n<\/div>\n<div class=\"col\">\n<h3 style=\"text-align: center;\">\u00a0<img loading=\"lazy\" decoding=\"async\" class=\"aligncenter wp-image-957 size-full\" src=\"http:\/\/bricolageurbain.ca\/wp-content\/uploads\/2016\/09\/glasses-new3-1.png\" alt=\"glasses-new3\" width=\"167\" height=\"98\" \/><strong>Recherche et analyse<\/strong><\/h3>\n<h5 style=\"text-align: center;\">Nous sommes toujours \u00e0 l\u2019aff\u00fbt des nouvelles id\u00e9es et nous inspirons des meilleures pratiques r\u00e9alis\u00e9es dans d\u2019autres villes dans le but de les adapter au contexte sp\u00e9cifique de votre projet.<\/h5>\n<\/div>\n<div class=\"col nomargin\">\n<h4><\/h4>\n<h4><img loading=\"lazy\" decoding=\"async\" class=\"aligncenter wp-image-958 size-full\" src=\"http:\/\/bricolageurbain.ca\/wp-content\/uploads\/2016\/09\/mobilsation-new-5-1.png\" alt=\"mobilsation-new-5\" width=\"96\" height=\"97\" \/><\/h4>\n<h3 style=\"text-align: center;\"><strong>Mobilisation<\/strong><\/h3>\n<h5 style=\"text-align: center;\">Nous cr\u00e9ons des illustrations et de l\u2019infographie (comme des banni\u00e8res Web, des affiches ou des d\u00e9pliants), pour mettre en lumi\u00e8re votre projet et diffuser l\u2019information.<\/h5>\n<p><span style=\"color: #ffffff;\">\u00a0Qui est Bricolage urbain? Nous sommes Raphaelle Aubin, Catherine Thibault, Melanie Lambrick<\/span><\/p>\n<\/div>\n<\/div>\n<div class=\"section-full-width section-dark\" style=\"background-color:#6EBC8D;\" id=\"section-1\"><div class=\"section-boxed\" style=\"color:#ffffff;\"><\/p>\n<h2 style=\"text-align: center;\"><span style=\"color: #ffffff;\">\u00cates-vous pr\u00eat \u00e0 commencer ? Contactez-nous \u00e0\u00a0<a style=\"color: #ffffff;\" href=\"mailto:info@bricolageurbain.ca\">info@bricolageurbain.ca<\/a><\/span><\/h2>\n<div class=\"cols-wrapper cols-2\">\n<div class=\"col\">\n<h3 style=\"text-align: center;\"><span style=\"color: #ffffff;\"><strong>Nous travaillons avec&#8230;<\/strong><\/span><\/h3>\n<h5><span style=\"color: #ffffff;\">Les gouvernements municipaux, les groupes communautaires, les organismes priv\u00e9s et \u00e0 but non lucratif, les institutions, etc.<\/span><\/h5>\n<\/div>\n<div class=\"col nomargin\">\n<h3 style=\"text-align: center;\"><span style=\"color: #ffffff;\"><strong>Collaborateurs ant\u00e9rieurs<\/strong><\/span><\/h3>\n<h5><span style=\"color: #ffffff;\">Office de consultation publique de Montr\u00e9al, Ville de Laval, Ville de Mont-Saint-Hilaire, Galerie Articule, Coll\u00e8ge Dawson.<\/span><\/h5>\n<\/div>\n<\/div>\n<h3 style=\"text-align: center;\"><span style=\"color: #ffffff;\"><em>Nous sommes bilingues. Nous travaillons en fran\u00e7ais comme en anglais.<\/em><\/span><\/h3>\n<p>\n<\/div><\/div>\n","protected":false},"excerpt":{"rendered":"<p>L\u2019urbanisme, c\u2019est compliqu\u00e9, et souvent mal expliqu\u00e9.\u00a0Pour faire de nos villes des endroits o\u00f9 il fait bon vivre, il faut [&hellip;]<\/p>\n","protected":false},"author":2,"featured_media":0,"parent":0,"menu_order":0,"comment_status":"closed","ping_status":"closed","template":"template-full-custom.php","meta":{"om_disable_all_campaigns":false,"_monsterinsights_skip_tracking":false,"_monsterinsights_sitenote_active":false,"_monsterinsights_sitenote_note":"","_monsterinsights_sitenote_category":0,"footnotes":""},"class_list":["post-653","page","type-page","status-publish","hentry"],"aioseo_notices":[],"_links":{"self":[{"href":"http:\/\/bricolageurbain.ca\/index.php?rest_route=\/wp\/v2\/pages\/653","targetHints":{"allow":["GET"]}}],"collection":[{"href":"http:\/\/bricolageurbain.ca\/index.php?rest_route=\/wp\/v2\/pages"}],"about":[{"href":"http:\/\/bricolageurbain.ca\/index.php?rest_route=\/wp\/v2\/types\/page"}],"author":[{"embeddable":true,"href":"http:\/\/bricolageurbain.ca\/index.php?rest_route=\/wp\/v2\/users\/2"}],"replies":[{"embeddable":true,"href":"http:\/\/bricolageurbain.ca\/index.php?rest_route=%2Fwp%2Fv2%2Fcomments&post=653"}],"version-history":[{"count":69,"href":"http:\/\/bricolageurbain.ca\/index.php?rest_route=\/wp\/v2\/pages\/653\/revisions"}],"predecessor-version":[{"id":1048,"href":"http:\/\/bricolageurbain.ca\/index.php?rest_route=\/wp\/v2\/pages\/653\/revisions\/1048"}],"wp:attachment":[{"href":"http:\/\/bricolageurbain.ca\/index.php?rest_route=%2Fwp%2Fv2%2Fmedia&parent=653"}],"curies":[{"name":"wp","href":"https:\/\/api.w.org\/{rel}","templated":true}]}}