{"id":707,"date":"2016-09-06T15:58:18","date_gmt":"2016-09-06T19:58:18","guid":{"rendered":"http:\/\/jacobsian.com\/?page_id=707"},"modified":"2023-11-04T12:50:16","modified_gmt":"2023-11-04T16:50:16","slug":"707-2","status":"publish","type":"page","link":"http:\/\/bricolageurbain.ca\/?page_id=707&lang=en","title":{"rendered":"About"},"content":{"rendered":"<div class=\"testimonial-slider\" ><div class=\"testimonial-container no-image\"><div class=\"testimonial-wrapper\"><div class=\"testimonial-info\"><div class=\"testimonials-details\"><h2>BRICOLAGE URBAIN'S STORY<\/h2><span><\/span><\/div><\/div><blockquote><p>After graduating together from planning school in Montr\u00e9al, Rapha\u00eblle, Melanie and Catherine followed professional paths in community planning, international development, research, activism, education and illustration. Throughout their work, they observed how city initiatives often lacked genuine community participation, and how little the public knew or understood about urban planning. A few years later, they reunited to form Bricolage Urbain with the goal of making urban planning issues fun and easy to understand.<\/p><\/blockquote><\/div><\/div><\/div>\n<h2><strong>Team<\/strong><\/h2>\n<div class=\"cols-wrapper cols-3\">\n<div class=\"col\">\n<h4><a href=\"http:\/\/bricolageurbain.ca\/wp-content\/uploads\/2016\/09\/PORCUPINE-2.jpg\"><img loading=\"lazy\" decoding=\"async\" class=\"aligncenter wp-image-981\" src=\"http:\/\/bricolageurbain.ca\/wp-content\/uploads\/2016\/09\/PORCUPINE-2.jpg\" width=\"144\" height=\"117\" \/><\/a><\/h4>\n<h4>Rapha\u00eblle Aubin<\/h4>\n<h4><em>Co-director, writer and<\/em><em>\u00a0graphic designer<\/em><\/h4>\n<p><strong>Education:<\/strong> Master of Urban Planning (McGill University), Master of Social History of Art (Leeds University, England), B.A. Art History and Anthropology (University of British Columbia)<\/p>\n<p><strong>Previous employers:<\/strong> Office de consultation publique de Montr\u00e9al, Pied Carr\u00e9, Montreal Museum of Fine Arts, Canadian Heritage<\/p>\n<p><strong>Publications:\u00a0<\/strong>R. Aubin &amp; L. Bornstein. <i>Montr\u00e9al\u2019s Municipal Guidelines for Participation and Public Hearings: Assessing Context, Process and Outcomes. <\/i>Canadian Journal of Urban Research (21: 1), 2012. <span style=\"color: #ffffff;\">Raphaelle Aubin<\/span><\/p>\n<\/div>\n<div class=\"col\">\n<h4><a href=\"http:\/\/bricolageurbain.ca\/wp-content\/uploads\/2016\/09\/fox-1.jpg\"><img loading=\"lazy\" decoding=\"async\" class=\"aligncenter wp-image-747 \" src=\"http:\/\/bricolageurbain.ca\/wp-content\/uploads\/2016\/09\/fox-1.jpg\" width=\"167\" height=\"110\" \/><\/a><\/h4>\n<h4>Melanie Lambrick<\/h4>\n<h4><em>lllustrator and editor<\/em><\/h4>\n<p><strong>Education<\/strong>: Master of Urban Planning (McGill University), B.A. Fine Art and Political Science (University of Victoria)<\/p>\n<p><strong>Previous employers and clients:<\/strong> Women and\u00a0Cities International, BBC, Lenny Letter, Reader&#8217;s Digest, Ricardo<\/p>\n<p><strong>Publications:<\/strong><\/p>\n<p>Lambrick, M. \u201cSafer Discursive Spaces\u201d. Eds. Whitzman, C.; Legacy, C.; Andrew, C.; Klodawsky, F.; Shaw, M.; Viswanath, K. <i>Building Gender Inclusive Cities: Women\u2019s Safety and the Right to the City. <\/i>New York: Earthscan, 2012.<\/p>\n<p>Lambrick, M. \u201cCreating Gender Inclusive Cities\u201d. <i>Gender, Cities and Local Governance in the Arab World and Mediterranean Region<\/i>, Centre d\u2019etudes et de documentation, \u00e9conomiques, juridiques et sociales, Cairo, Egypt, 2010.<\/p>\n<\/div>\n<div class=\"col nomargin\">\n<h4><a href=\"http:\/\/bricolageurbain.ca\/wp-content\/uploads\/2016\/09\/rabbit2-2.jpg\"><img loading=\"lazy\" decoding=\"async\" class=\"wp-image-982 aligncenter\" src=\"http:\/\/bricolageurbain.ca\/wp-content\/uploads\/2016\/09\/rabbit2-2.jpg\" alt=\"rabbit2\" width=\"137\" height=\"117\" \/><\/a><\/h4>\n<h4>Catherine Thibault<\/h4>\n<h4><em>Co-director and writer<\/em><\/h4>\n<p><strong>Education:<\/strong> Master of Urban Planning (McGill University), B.A. Relations internationales (Universit\u00e9 de Montr\u00e9al)<\/p>\n<p><strong>Previous employers:<\/strong> Rayside | Labossi\u00e8re, NDG Community Council, Great Lakes Commission<\/p>\n<p><strong>Publications:<\/strong> C. Thibault, D. Beitel. Diagnostic de la s\u00e9curit\u00e9 des d\u00e9placements dans le quartier Saint-Henri \u00e0 Montr\u00e9al. 2010. Alliance de recherche Universit\u00e9 Communaut\u00e9, Universit\u00e9 McGill. (in French)<\/p>\n<\/div>\n<\/div>\n<h2><\/h2>\n","protected":false},"excerpt":{"rendered":"<p>Team Rapha\u00eblle Aubin Co-director, writer and\u00a0graphic designer Education: Master of Urban Planning (McGill University), Master of Social History of Art [&hellip;]<\/p>\n","protected":false},"author":2,"featured_media":0,"parent":0,"menu_order":0,"comment_status":"closed","ping_status":"closed","template":"template-full-custom.php","meta":{"om_disable_all_campaigns":false,"_monsterinsights_skip_tracking":false,"_monsterinsights_sitenote_active":false,"_monsterinsights_sitenote_note":"","_monsterinsights_sitenote_category":0,"footnotes":""},"class_list":["post-707","page","type-page","status-publish","hentry"],"aioseo_notices":[],"_links":{"self":[{"href":"http:\/\/bricolageurbain.ca\/index.php?rest_route=\/wp\/v2\/pages\/707","targetHints":{"allow":["GET"]}}],"collection":[{"href":"http:\/\/bricolageurbain.ca\/index.php?rest_route=\/wp\/v2\/pages"}],"about":[{"href":"http:\/\/bricolageurbain.ca\/index.php?rest_route=\/wp\/v2\/types\/page"}],"author":[{"embeddable":true,"href":"http:\/\/bricolageurbain.ca\/index.php?rest_route=\/wp\/v2\/users\/2"}],"replies":[{"embeddable":true,"href":"http:\/\/bricolageurbain.ca\/index.php?rest_route=%2Fwp%2Fv2%2Fcomments&post=707"}],"version-history":[{"count":27,"href":"http:\/\/bricolageurbain.ca\/index.php?rest_route=\/wp\/v2\/pages\/707\/revisions"}],"predecessor-version":[{"id":1057,"href":"http:\/\/bricolageurbain.ca\/index.php?rest_route=\/wp\/v2\/pages\/707\/revisions\/1057"}],"wp:attachment":[{"href":"http:\/\/bricolageurbain.ca\/index.php?rest_route=%2Fwp%2Fv2%2Fmedia&parent=707"}],"curies":[{"name":"wp","href":"https:\/\/api.w.org\/{rel}","templated":true}]}}