{"id":728,"date":"2016-09-06T16:36:00","date_gmt":"2016-09-06T20:36:00","guid":{"rendered":"http:\/\/jacobsian.com\/?page_id=728"},"modified":"2023-11-04T12:50:35","modified_gmt":"2023-11-04T16:50:35","slug":"728-2","status":"publish","type":"page","link":"http:\/\/bricolageurbain.ca\/?page_id=728&lang=fr","title":{"rendered":"\u00c0 propos"},"content":{"rendered":"<div class=\"testimonial-slider\" ><div class=\"testimonial-container no-image\"><div class=\"testimonial-wrapper\"><div class=\"testimonial-info\"><div class=\"testimonials-details\"><h2>L'HISTOIRE DE BRICOLAGE URBAIN<\/h2><span><\/span><\/div><\/div><blockquote><p>Apr\u00e8s avoir obtenu leur dipl\u00f4me en urbanisme de l\u2019Universit\u00e9 McGill, Rapha\u00eblle, Melanie et Catherine ont amorc\u00e9 leur carri\u00e8re dans diff\u00e9rents champs professionnels, incluant le d\u00e9veloppement communautaire, les relations internationales, la recherche, la mobilisation des communaut\u00e9s, l\u2019\u00e9ducations et l\u2019illustration. Au fil de leur parcours, chacune d\u2019entre elles a \u00e9t\u00e9 frapp\u00e9e par les lacunes en ce qui a trait \u00e0 une grande majorit\u00e9 des processus de participation publique ainsi qu\u2019aux connaissances et \u00e0 la compr\u00e9hension limit\u00e9es du public sur les enjeux urbains. Bricolage urbain fut donc form\u00e9 avec cette pr\u00e9occupation en t\u00eate, et dans le but de transformer les grandes questions d\u2019urbanisme en enjeux int\u00e9ressants et faciles \u00e0 comprendre.<\/p><\/blockquote><\/div><\/div><\/div>\n<h2><strong>\u00c9quipe<\/strong><\/h2>\n<div class=\"cols-wrapper cols-3\">\n<div class=\"col\">\n<h4>\u00a0<a href=\"http:\/\/bricolageurbain.ca\/wp-content\/uploads\/2016\/09\/PORCUPINE-3.jpg\"><img loading=\"lazy\" decoding=\"async\" class=\" wp-image-984 aligncenter\" src=\"http:\/\/bricolageurbain.ca\/wp-content\/uploads\/2016\/09\/PORCUPINE-3.jpg\" alt=\"PORCUPINE\" width=\"161\" height=\"122\" \/><\/a><\/h4>\n<h4>Rapha\u00eblle Aubin<\/h4>\n<h4><em>Co-directrice, r\u00e9dactrice et graphiste<\/em><\/h4>\n<p><strong>\u00c9ducation :<\/strong> Ma\u00eetrise en urbanisme (McGill University), Ma\u00eetrise en histoire sociale de l&#8217;art\u00a0(Leeds University, Angleterre), Baccalaur\u00e9at en histoire de l\u2019art et anthropologie (University of British Columbia)<\/p>\n<p><strong>Employeurs et clients pr\u00e9c\u00e9dents :\u00a0<\/strong>Office de consultation publique de Montr\u00e9al, Pied Carr\u00e9, Mus\u00e9e des beaux-arts de Montr\u00e9al,\u00a0Patrimoine canadien<\/p>\n<p><strong>\u00a0Publications : <\/strong>R. Aubin &amp; L. Bornstein.\u00a0<i>Montr\u00e9al\u2019s Municipal Guidelines for Participation and Public Hearings: Assessing Context, Process and Outcomes.\u00a0<\/i>Canadian Journal of Urban Research (21: 1), 2012. (en anglais) <span style=\"color: #ffffff;\">Raphaelle Aubin<\/span><\/p>\n<\/div>\n<div class=\"col\">\n<h4>\u00a0<a href=\"http:\/\/bricolageurbain.ca\/wp-content\/uploads\/2016\/09\/fox.jpg\"><img loading=\"lazy\" decoding=\"async\" class=\"wp-image-733 aligncenter\" src=\"http:\/\/bricolageurbain.ca\/wp-content\/uploads\/2016\/09\/fox.jpg\" alt=\"fox\" width=\"180\" height=\"123\" \/><\/a><\/h4>\n<h4>Melanie Lambrick<\/h4>\n<h4><em>lllustratrice et r\u00e9viseure<\/em><\/h4>\n<p><strong>\u00c9ducation\u00a0<\/strong>: Ma\u00eetrise en urbanisme (McGill University), Baccalaur\u00e9at en sciences politiques et arts visuels (University of Victoria)<\/p>\n<p><strong>Employeurs et clients pr\u00e9c\u00e9dents :\u00a0<\/strong>Femmes et villes international, BBC, Lenny Letter, Reader&#8217;s Digest, Ricardo<\/p>\n<p><strong>Publications :<\/strong><\/p>\n<p>Lambrick, M. \u201cSafer Discursive Spaces\u201d. Eds. Whitzman, C.; Legacy, C.; Andrew, C.; Klodawsky, F.; Shaw, M.; Viswanath, K.\u00a0<i>Building Gender Inclusive Cities: Women\u2019s Safety and the Right to the City.\u00a0<\/i>New York: Earthscan, 2012. (en anglais)<\/p>\n<p>Lambrick, M. \u201cCreating Gender Inclusive Cities\u201d.\u00a0<i>Gender, Cities and Local Governance in the Arab World and Mediterranean Region<\/i>, Centre d\u2019etudes et de documentation, \u00e9conomiques, juridiques et sociales, Cairo, Egypt, 2010. (en anglais)<\/p>\n<\/div>\n<div class=\"col nomargin\">\n<h4><a href=\"http:\/\/bricolageurbain.ca\/wp-content\/uploads\/2016\/09\/rabbit2-3.jpg\"><img loading=\"lazy\" decoding=\"async\" class=\"wp-image-985 aligncenter\" src=\"http:\/\/bricolageurbain.ca\/wp-content\/uploads\/2016\/09\/rabbit2-3.jpg\" alt=\"rabbit2\" width=\"182\" height=\"155\" \/><\/a><\/h4>\n<h4>Catherine Thibault<\/h4>\n<h4><em>Co-directrice et r\u00e9dactrice\u00a0<\/em><\/h4>\n<p><strong>\u00c9ducation :<\/strong> Ma\u00eetrise en urbanisme (McGill University), Baccalaur\u00e9at en relations internationales (Universit\u00e9 de Montr\u00e9al)<\/p>\n<p><strong>Employeurs pr\u00e9c\u00e9dents :<\/strong>\u00a0Rayside | Labossi\u00e8re, NDG Community Council,\u00a0Commission des Grands Lacs<\/p>\n<p><strong>Publications :\u00a0<\/strong>C. Thibault, D. Beitel. <em>Diagnostic de la s\u00e9curit\u00e9 des d\u00e9placements dans le quartier Saint-Henri \u00e0 Montr\u00e9al.<\/em> 2010. Alliance de recherche Universit\u00e9 Communaut\u00e9, Universit\u00e9 McGill.<\/p>\n<\/div>\n<\/div>\n<h2><\/h2>\n","protected":false},"excerpt":{"rendered":"<p>\u00c9quipe \u00a0 Rapha\u00eblle Aubin Co-directrice, r\u00e9dactrice et graphiste \u00c9ducation : Ma\u00eetrise en urbanisme (McGill University), Ma\u00eetrise en histoire sociale de [&hellip;]<\/p>\n","protected":false},"author":2,"featured_media":0,"parent":0,"menu_order":0,"comment_status":"closed","ping_status":"closed","template":"template-full-custom.php","meta":{"om_disable_all_campaigns":false,"_monsterinsights_skip_tracking":false,"_monsterinsights_sitenote_active":false,"_monsterinsights_sitenote_note":"","_monsterinsights_sitenote_category":0,"footnotes":""},"class_list":["post-728","page","type-page","status-publish","hentry"],"aioseo_notices":[],"_links":{"self":[{"href":"http:\/\/bricolageurbain.ca\/index.php?rest_route=\/wp\/v2\/pages\/728","targetHints":{"allow":["GET"]}}],"collection":[{"href":"http:\/\/bricolageurbain.ca\/index.php?rest_route=\/wp\/v2\/pages"}],"about":[{"href":"http:\/\/bricolageurbain.ca\/index.php?rest_route=\/wp\/v2\/types\/page"}],"author":[{"embeddable":true,"href":"http:\/\/bricolageurbain.ca\/index.php?rest_route=\/wp\/v2\/users\/2"}],"replies":[{"embeddable":true,"href":"http:\/\/bricolageurbain.ca\/index.php?rest_route=%2Fwp%2Fv2%2Fcomments&post=728"}],"version-history":[{"count":28,"href":"http:\/\/bricolageurbain.ca\/index.php?rest_route=\/wp\/v2\/pages\/728\/revisions"}],"predecessor-version":[{"id":1051,"href":"http:\/\/bricolageurbain.ca\/index.php?rest_route=\/wp\/v2\/pages\/728\/revisions\/1051"}],"wp:attachment":[{"href":"http:\/\/bricolageurbain.ca\/index.php?rest_route=%2Fwp%2Fv2%2Fmedia&parent=728"}],"curies":[{"name":"wp","href":"https:\/\/api.w.org\/{rel}","templated":true}]}}